{"id":8,"date":"2016-12-02T18:53:46","date_gmt":"2016-12-02T17:53:46","guid":{"rendered":"http:\/\/www.lamaeng-brasserie.de\/soest\/?page_id=8"},"modified":"2025-06-18T15:58:02","modified_gmt":"2025-06-18T13:58:02","slug":"lamaeng-herford","status":"publish","type":"page","link":"https:\/\/www.lamaeng-brasserie.de\/soest\/","title":{"rendered":"Lam\u00e4ng Soest"},"content":{"rendered":"\t\t<div data-elementor-type=\"wp-page\" data-elementor-id=\"8\" class=\"elementor elementor-8\">\n\t\t\t\t\t\t\t\t\t<section class=\"elementor-section elementor-top-section elementor-element elementor-element-5b33373 elementor-section-boxed elementor-section-height-default elementor-section-height-default wpr-particle-no wpr-jarallax-no wpr-parallax-no wpr-sticky-section-no\" data-id=\"5b33373\" data-element_type=\"section\" data-settings=\"{&quot;_ha_eqh_enable&quot;:false}\">\n\t\t\t\t\t\t<div class=\"elementor-container elementor-column-gap-default\">\n\t\t\t\t\t<div class=\"elementor-column elementor-col-100 elementor-top-column elementor-element elementor-element-4def73c6\" data-id=\"4def73c6\" data-element_type=\"column\">\n\t\t\t<div class=\"elementor-widget-wrap elementor-element-populated\">\n\t\t\t\t\t\t\t\t<div class=\"elementor-element elementor-element-2777d8ea elementor-widget elementor-widget-text-editor\" data-id=\"2777d8ea\" data-element_type=\"widget\" data-widget_type=\"text-editor.default\">\n\t\t\t\t<div class=\"elementor-widget-container\">\n\t\t\t<style>\/*! elementor - v3.6.7 - 03-07-2022 *\/\n.elementor-widget-text-editor.elementor-drop-cap-view-stacked .elementor-drop-cap{background-color:#818a91;color:#fff}.elementor-widget-text-editor.elementor-drop-cap-view-framed .elementor-drop-cap{color:#818a91;border:3px solid;background-color:transparent}.elementor-widget-text-editor:not(.elementor-drop-cap-view-default) .elementor-drop-cap{margin-top:8px}.elementor-widget-text-editor:not(.elementor-drop-cap-view-default) .elementor-drop-cap-letter{width:1em;height:1em}.elementor-widget-text-editor .elementor-drop-cap{float:left;text-align:center;line-height:1;font-size:50px}.elementor-widget-text-editor .elementor-drop-cap-letter{display:inline-block}<\/style>\t\t\t\t<section id=\"builder-section-banner_49\" class=\"builder-section-first builder-section builder-section-banner builder-section-next-text\" style=\"background-size: cover; background-repeat: no-repeat; background-position: center center;\">\n<div class=\"builder-section-content\">\n<div class=\"builder-banner-slide content-position-none\" style=\"background-image: url('https:\/\/www.lamaeng-brasserie.de\/soest\/wp-content\/uploads\/020_17_001.jpg');\">\n<div class=\"builder-banner-content\">\n<div class=\"builder-banner-inner-content\" style=\"text-align: center;\">\u00a0<\/div>\n<p>\u00a0<\/p>\n<\/div>\n<\/div>\n<\/div>\n<\/section>\n<section id=\"builder-section-text_89\" class=\"builder-section-prev-banner builder-section builder-section-text builder-section-next-text builder-text-columns-1\" style=\"background-size: cover; background-repeat: no-repeat; background-position: center center;\">\n<div class=\"builder-section-content\">\n<div class=\"builder-text-row\">\n<div id=\"builder-section-text_89-column-1\" class=\"builder-text-column builder-text-column-1\">\n<div class=\"builder-text-content\">\n<h1 style=\"text-align: center;\"><span class=\"color2\">Willkommen in der Lam\u00e4ng Brasserie!<\/span><\/h1>\n<p class=\"color1\" style=\"text-align: center;\">Kungelmarkt 6, Soest \u2022 Tel. 02921 767283 \u2022\u00a0<\/p>\n<p style=\"text-align: center;\">\u00a0<\/p>\n<p style=\"text-align: center;\">\u00a0<\/p>\n<div style=\"display: flex; justify-content: center; align-items: center;\">\n<p><div style=\"width: 960px;\" class=\"wp-video\"><!--[if lt IE 9]><script>document.createElement('video');<\/script><![endif]-->\n<video class=\"wp-video-shortcode\" id=\"video-8-1\" width=\"960\" height=\"540\" poster=\"https:\/\/www.lamaeng-brasserie.de\/soest\/wp-content\/uploads\/Vorschaubild_Lamaeng.png\" preload=\"metadata\" controls=\"controls\"><source type=\"video\/mp4\" src=\"https:\/\/www.lamaeng-brasserie.de\/soest\/wp-content\/uploads\/Lamaeng.mp4?_=1\" \/><a href=\"https:\/\/www.lamaeng-brasserie.de\/soest\/wp-content\/uploads\/Lamaeng.mp4\">https:\/\/www.lamaeng-brasserie.de\/soest\/wp-content\/uploads\/Lamaeng.mp4<\/a><\/video><\/div><\/p>\n<\/div>\n<p style=\"text-align: center;\">Die Sonne zeigt sich von ihrer sch\u00f6nsten Seite und im Lam\u00e4ng am Soester Marktplatz sind wir voller Vorfreude, diese herrlichen Tage gemeinsam mit Ihnen zu genie\u00dfen. Werfen Sie einen Blick auf unseren aktuellen Imagefilm und erleben Sie die stilvolle Atmosph\u00e4re, die im Lam\u00e4ng auf Sie wartet. Ob Sie Lust auf einen aromatischen Kaffee, ein schmackhaftes Gericht oder einfach nur eine angenehme Zeit haben \u2013 wir hei\u00dfen Sie jederzeit herzlich willkommen. Besuchen Sie uns und entdecken Sie Ihren zweiten Lieblingsort!<\/p>\n<p style=\"text-align: center;\">\u00a0<\/p>\n<\/div>\n<\/div>\n<\/div>\n<div class=\"builder-text-row\">\n<div id=\"builder-section-text_89-column-1\" class=\"builder-text-column builder-text-column-1\">\n<div class=\"group w-full text-gray-800 dark:text-gray-100 border-b border-black\/10 dark:border-gray-900\/50 bg-gray-50 dark:bg-[#444654]\">\n<div class=\"text-base gap-4 md:gap-6 md:max-w-2xl lg:max-w-xl xl:max-w-3xl p-4 md:py-6 flex lg:px-0 m-auto\">\n<div class=\"relative flex w-[calc(100%-50px)] flex-col gap-1 md:gap-3 lg:w-[calc(100%-115px)]\">\n<div class=\"flex flex-grow flex-col gap-3\">\n<div class=\"min-h-[20px] flex flex-col items-start gap-4 whitespace-pre-wrap\">\n<div class=\"markdown prose w-full break-words dark:prose-invert dark\">\u00a0<\/div>\n<\/div>\n<\/div>\n<\/div>\n<\/div>\n<\/div>\n<\/div>\n<\/div>\n<\/div>\n<\/section>\n<section id=\"builder-section-text_103\" class=\"builder-section-prev-text builder-section builder-section-text builder-section-next-banner has-background builder-text-columns-1\" style=\"background-color: #ededed; background-size: cover; background-repeat: no-repeat; background-position: center center;\">\n<div class=\"builder-section-content\">\n<div class=\"builder-text-row\">\n<div id=\"builder-section-text_103-column-1\" class=\"builder-text-column builder-text-column-1\">\n<div class=\"builder-text-content\">\n<h2 style=\"text-align: center;\">Unsere \u00d6ffnungszeiten<\/h2>\n<p style=\"text-align: center;\">\u00a0<\/p>\n<p style=\"text-align: center;\"><em>Mo-Do, So 9.00\u20130.00 Uhr<\/em><br \/><em>Fr, Sa 9.00\u20132.00 Uhr<\/em><\/p>\n<\/div>\n<\/div>\n<\/div>\n<\/div>\n<\/section>\n<section id=\"builder-section-banner_151\" class=\"builder-section-prev-text builder-section builder-section-banner builder-section-last\" style=\"background-size: cover; background-repeat: no-repeat; background-position: center center;\">\n<div class=\"builder-section-content\">\n<div class=\"builder-banner-slide content-position-none\" style=\"background-image: url('https:\/\/www.lamaeng-brasserie.de\/soest\/wp-content\/uploads\/Lam\u00e4ng-128-von-144-be.jpg');\">\n<div class=\"builder-banner-content\">\n<div class=\"builder-banner-inner-content\">\u00a0<\/div>\n<p>\u00a0<\/p>\n<\/div>\n<\/div>\n<\/div>\n<\/section>\t\t\t\t\t\t<\/div>\n\t\t\t\t<\/div>\n\t\t\t\t\t<\/div>\n\t\t<\/div>\n\t\t\t\t\t\t\t<\/div>\n\t\t<\/section>\n\t\t\t\t\t\t\t<\/div>\n\t\t","protected":false},"excerpt":{"rendered":"<p>\u00a0 \u00a0 Willkommen in der Lam\u00e4ng Brasserie! Kungelmarkt 6, Soest \u2022 Tel. 02921 767283 \u2022\u00a0 \u00a0 \u00a0 Die Sonne zeigt sich von ihrer sch\u00f6nsten Seite und im Lam\u00e4ng am Soester Marktplatz sind wir voller Vorfreude, diese herrlichen Tage gemeinsam mit Ihnen zu genie\u00dfen. Werfen Sie einen Blick auf unseren aktuellen Imagefilm und erleben Sie die &hellip;<\/p>\n","protected":false},"author":1,"featured_media":0,"parent":0,"menu_order":0,"comment_status":"closed","ping_status":"closed","template":"template-builder.php","meta":{"ngg_post_thumbnail":0},"_links":{"self":[{"href":"https:\/\/www.lamaeng-brasserie.de\/soest\/wp-json\/wp\/v2\/pages\/8"}],"collection":[{"href":"https:\/\/www.lamaeng-brasserie.de\/soest\/wp-json\/wp\/v2\/pages"}],"about":[{"href":"https:\/\/www.lamaeng-brasserie.de\/soest\/wp-json\/wp\/v2\/types\/page"}],"author":[{"embeddable":true,"href":"https:\/\/www.lamaeng-brasserie.de\/soest\/wp-json\/wp\/v2\/users\/1"}],"replies":[{"embeddable":true,"href":"https:\/\/www.lamaeng-brasserie.de\/soest\/wp-json\/wp\/v2\/comments?post=8"}],"version-history":[{"count":162,"href":"https:\/\/www.lamaeng-brasserie.de\/soest\/wp-json\/wp\/v2\/pages\/8\/revisions"}],"predecessor-version":[{"id":1016,"href":"https:\/\/www.lamaeng-brasserie.de\/soest\/wp-json\/wp\/v2\/pages\/8\/revisions\/1016"}],"wp:attachment":[{"href":"https:\/\/www.lamaeng-brasserie.de\/soest\/wp-json\/wp\/v2\/media?parent=8"}],"curies":[{"name":"wp","href":"https:\/\/api.w.org\/{rel}","templated":true}]}}