{"id":24,"date":"2016-12-03T17:02:24","date_gmt":"2016-12-03T16:02:24","guid":{"rendered":"http:\/\/www.lamaeng-brasserie.de\/soest\/?page_id=24"},"modified":"2022-11-22T09:39:52","modified_gmt":"2022-11-22T08:39:52","slug":"reservierung","status":"publish","type":"page","link":"https:\/\/www.lamaeng-brasserie.de\/soest\/kontakt\/reservierung\/","title":{"rendered":"Reservierung"},"content":{"rendered":"<section id=\"builder-section-1481542819222\" class=\"builder-section-first builder-section builder-section-banner builder-section-next-text\" style=\"background-repeat: repeat; background-position: center center;\">\n<div class=\"builder-section-content\">\n<div class=\"builder-banner-slide content-position-none\" style=\"background-image: url('https:\/\/www.lamaeng-brasserie.de\/soest\/wp-content\/uploads\/20170518_090225__SRL1824-HDR.jpg');\">\n<div class=\"builder-banner-content\">\n<div class=\"builder-banner-inner-content\">&nbsp;<\/div>\n<p>&nbsp;<\/p>\n<\/div>\n<p>&nbsp;<\/p>\n<\/div>\n<p>&nbsp;<\/p>\n<\/div>\n<\/section>\n<section id=\"builder-section-1481542766122\" class=\"builder-section-prev-banner builder-section builder-section-text builder-section-next-text builder-text-columns-1\" style=\"background-repeat: repeat; background-position: center center;\">\n<div class=\"builder-section-content\">\n<div class=\"builder-text-row\">\n<div id=\"builder-section-1481542766122-column-1\" class=\"builder-text-column builder-text-column-1\">\n<div class=\"builder-text-content\">\n<h2 class=\"color2\" style=\"font-size: 4.5rem; text-align: center;\">Reservierungen<\/h2>\n<p style=\"text-align: center;\">Das Lam\u00e4ng bietet den optimalen Rahmen f\u00fcr Ihren Anlass:<br \/>\nEgal, ob 10 oder 200 G\u00e4ste, bei uns finden Sie neben ausreichend Platz, hervorragendem Service,<br \/>\nleckeren Speisen und Getr\u00e4nken vor allem eines: ein exklusives Ambiente.<br \/>\nJe nach Art und Umfang Ihrer Veranstaltung k\u00f6nnen Sie bei uns einen Bereich,<br \/>\neine Etage oder das gesamte Lam\u00e4ng mieten \u2013 und das ohne Saalgeb\u00fchr!<br \/>\nWir sind offen f\u00fcr alles: Geburtstag, Hochzeit, Weihnachtsfeier, Firmen-Event, Produktvorstellung oder Seminar \u2013 sprechen Sie uns an!<\/p>\n<p>&nbsp;<\/p>\n<\/div>\n<p>&nbsp;<\/p>\n<\/div>\n<p>&nbsp;<\/p>\n<\/div>\n<p>&nbsp;<\/p>\n<\/div>\n<\/section>\n<section id=\"builder-section-1481542725846\" class=\"builder-section-prev-text builder-section builder-section-text builder-section-last builder-text-columns-2 layout-6\" style=\"background-repeat: repeat; background-position: center center;\">\n<div class=\"builder-section-content\">\n<div class=\"builder-text-row\">\n<div id=\"builder-section-1481542725846-column-1\" class=\"builder-text-column builder-text-column-1\">\n<div class=\"builder-text-content\">\n<h4>Wir freuen uns auf<br \/>\nIhre Reservierung!<\/h4>\n<p>Tel. 02921 767283<br \/>\nE-Mail: <a href=\"mailto:info@burgos-gruppe.de\">info@burgos-gruppe.de<\/a><br \/>\nOder nutzen Sie unser Kontaktformular.<\/p>\n<p>&nbsp;<\/p>\n<\/div>\n<p>&nbsp;<\/p>\n<\/div>\n<div id=\"builder-section-1481542725846-column-2\" class=\"builder-text-column builder-text-column-2\">\n<div class=\"builder-text-content\">\n<div role=\"form\" class=\"wpcf7\" id=\"wpcf7-f140-o1\" lang=\"de-DE\" dir=\"ltr\">\n<div class=\"screen-reader-response\"><p role=\"status\" aria-live=\"polite\" aria-atomic=\"true\"><\/p> <ul><\/ul><\/div>\n<form action=\"\/soest\/wp-json\/wp\/v2\/pages\/24#wpcf7-f140-o1\" method=\"post\" class=\"wpcf7-form init\" novalidate=\"novalidate\" data-status=\"init\">\n<div style=\"display: none;\">\n<input type=\"hidden\" name=\"_wpcf7\" value=\"140\" \/>\n<input type=\"hidden\" name=\"_wpcf7_version\" value=\"5.6.3\" \/>\n<input type=\"hidden\" name=\"_wpcf7_locale\" value=\"de_DE\" \/>\n<input type=\"hidden\" name=\"_wpcf7_unit_tag\" value=\"wpcf7-f140-o1\" \/>\n<input type=\"hidden\" name=\"_wpcf7_container_post\" value=\"0\" \/>\n<input type=\"hidden\" name=\"_wpcf7_posted_data_hash\" value=\"\" \/>\n<\/div>\n<p><label>Name, Vorname<\/label><br \/>\n<span class=\"wpcf7-form-control-wrap\" data-name=\"name\"><input type=\"text\" name=\"name\" value=\"\" size=\"40\" class=\"wpcf7-form-control wpcf7-text\" aria-invalid=\"false\" \/><\/span><\/p>\n<p><label>Telefonnummer<\/label><br \/>\n<span class=\"wpcf7-form-control-wrap\" data-name=\"telefon\"><input type=\"text\" name=\"telefon\" value=\"\" size=\"40\" class=\"wpcf7-form-control wpcf7-text\" aria-invalid=\"false\" \/><\/span> <\/p>\n<p><label>E-Mail (Pflichtfeld)<\/label><br \/>\n<span class=\"wpcf7-form-control-wrap\" data-name=\"email\"><input type=\"email\" name=\"email\" value=\"\" size=\"40\" class=\"wpcf7-form-control wpcf7-text wpcf7-email wpcf7-validates-as-required wpcf7-validates-as-email\" aria-required=\"true\" aria-invalid=\"false\" \/><\/span><\/p>\n<p><label>Veranstaltungsdatum<\/label><br \/>\n<span class=\"wpcf7-form-control-wrap\" data-name=\"veranstaltungsdatum\"><input type=\"text\" name=\"veranstaltungsdatum\" value=\"\" size=\"40\" class=\"wpcf7-form-control wpcf7-text\" aria-invalid=\"false\" \/><\/span><\/p>\n<p><label>Location (Lam\u00e4ng oder au\u00dfer Haus?)<\/label><br \/>\n<span class=\"wpcf7-form-control-wrap\" data-name=\"location\"><input type=\"text\" name=\"location\" value=\"\" size=\"40\" class=\"wpcf7-form-control wpcf7-text\" aria-invalid=\"false\" \/><\/span><\/p>\n<p><label>Anzahl Personen<\/label><br \/>\n<span class=\"wpcf7-form-control-wrap\" data-name=\"personenanzahl\"><input type=\"text\" name=\"personenanzahl\" value=\"\" size=\"40\" class=\"wpcf7-form-control wpcf7-text\" aria-invalid=\"false\" \/><\/span><\/p>\n<p><label>Ihre Nachricht an uns<\/label><br \/>\n<span class=\"wpcf7-form-control-wrap\" data-name=\"nachricht\"><textarea name=\"nachricht\" cols=\"40\" rows=\"10\" class=\"wpcf7-form-control wpcf7-textarea\" aria-invalid=\"false\"><\/textarea><\/span><\/p>\n<p>Mit dem Senden Ihrer Kontaktanfrage willigen Sie ein, dass Ihre Angaben zur Kontaktaufnahme und Zuordnung f\u00fcr eventuelle R\u00fcckfragen dauerhaft gespeichert werden.<\/p>\n<p>Hinweis: Diese Einwilligung k\u00f6nnen Sie jederzeit mit Wirkung f\u00fcr die Zukunft widerrufen, indem Sie eine E-Mail an info@lamaeng-brasserie.de schicken.<\/p>\n<p><input type=\"submit\" value=\"Senden\" class=\"wpcf7-form-control has-spinner wpcf7-submit\" \/><\/p>\n<div class=\"wpcf7-response-output\" aria-hidden=\"true\"><\/div><\/form><\/div>\n<p>&nbsp;<\/p>\n<\/div>\n<p>&nbsp;<\/p>\n<\/div>\n<p>&nbsp;<\/p>\n<\/div>\n<div class=\"builder-text-row\">\n<div id=\"builder-section-1481542725846-column-1\" class=\"builder-text-column builder-text-column-3\">\n<div class=\"builder-text-content\">&nbsp;<\/div>\n<p>&nbsp;<\/p>\n<\/div>\n<div id=\"builder-section-1481542725846-column-2\" class=\"builder-text-column builder-text-column-4\">\n<div class=\"builder-text-content\">&nbsp;<\/div>\n<p>&nbsp;<\/p>\n<\/div>\n<p>&nbsp;<\/p>\n<\/div>\n<p>&nbsp;<\/p>\n<\/div>\n<\/section>\n","protected":false},"excerpt":{"rendered":"<p>&nbsp; &nbsp; &nbsp; &nbsp; Reservierungen Das Lam\u00e4ng bietet den optimalen Rahmen f\u00fcr Ihren Anlass: Egal, ob 10 oder 200 G\u00e4ste, bei uns finden Sie neben ausreichend Platz, hervorragendem Service, leckeren Speisen und Getr\u00e4nken vor allem eines: ein exklusives Ambiente. Je nach Art und Umfang Ihrer Veranstaltung k\u00f6nnen Sie bei uns einen Bereich, eine Etage oder &hellip;<\/p>\n","protected":false},"author":1,"featured_media":0,"parent":20,"menu_order":2,"comment_status":"closed","ping_status":"closed","template":"template-builder.php","meta":{"ngg_post_thumbnail":0},"_links":{"self":[{"href":"https:\/\/www.lamaeng-brasserie.de\/soest\/wp-json\/wp\/v2\/pages\/24"}],"collection":[{"href":"https:\/\/www.lamaeng-brasserie.de\/soest\/wp-json\/wp\/v2\/pages"}],"about":[{"href":"https:\/\/www.lamaeng-brasserie.de\/soest\/wp-json\/wp\/v2\/types\/page"}],"author":[{"embeddable":true,"href":"https:\/\/www.lamaeng-brasserie.de\/soest\/wp-json\/wp\/v2\/users\/1"}],"replies":[{"embeddable":true,"href":"https:\/\/www.lamaeng-brasserie.de\/soest\/wp-json\/wp\/v2\/comments?post=24"}],"version-history":[{"count":16,"href":"https:\/\/www.lamaeng-brasserie.de\/soest\/wp-json\/wp\/v2\/pages\/24\/revisions"}],"predecessor-version":[{"id":834,"href":"https:\/\/www.lamaeng-brasserie.de\/soest\/wp-json\/wp\/v2\/pages\/24\/revisions\/834"}],"up":[{"embeddable":true,"href":"https:\/\/www.lamaeng-brasserie.de\/soest\/wp-json\/wp\/v2\/pages\/20"}],"wp:attachment":[{"href":"https:\/\/www.lamaeng-brasserie.de\/soest\/wp-json\/wp\/v2\/media?parent=24"}],"curies":[{"name":"wp","href":"https:\/\/api.w.org\/{rel}","templated":true}]}}