{"id":16,"date":"2016-12-03T17:00:53","date_gmt":"2016-12-03T16:00:53","guid":{"rendered":"http:\/\/www.lamaeng-brasserie.de\/soest\/?page_id=16"},"modified":"2022-02-14T15:39:52","modified_gmt":"2022-02-14T14:39:52","slug":"jobs","status":"publish","type":"page","link":"https:\/\/www.lamaeng-brasserie.de\/soest\/jobs\/","title":{"rendered":"Jobs"},"content":{"rendered":"<section id=\"builder-section-1481628447917\" class=\"builder-section-first builder-section builder-section-banner builder-section-next-text\" style=\"background-repeat: repeat;background-position: center center;\">\n<div class=\"builder-section-content\">\n<div class=\"builder-banner-slide content-position-none\" style=\"background-color:#ededed;\">\n<div class=\"builder-banner-content\">\n<div class=\"builder-banner-inner-content\">\n<h1 class=\"color2 center\">Stellenangebot<\/h1>\n<\/p><\/div>\n<\/p><\/div>\n<\/p><\/div>\n<\/p><\/div>\n<\/section>\n<section id=\"builder-section-1481545147695\" class=\"builder-section-prev-banner builder-section builder-section-text builder-section-last builder-text-columns-2 layout-6\" style=\"background-repeat: repeat;background-position: center center;\">\n<div class=\"builder-section-content\">\n<div class=\"builder-text-row\">\n<div class=\"builder-text-column builder-text-column-1\" id=\"builder-section-1481545147695-column-1\">\n<div class=\"builder-text-content\">\n<h4><span class=\"color1\" style=\"font-size: 2rem;\">WIR BRAUCHEN UNTERST\u00dcTZUNG<\/span><\/h4>\n<p>F\u00fcr unseren Standort Herford suchen wir ab sofort K\u00fcchen- und<br \/> Servicekr\u00e4fte auf 450-Euro-Basis &amp; Auszubildende (m\/w) im Bereich Systemgastronomie.<br \/> Bei Interesse melden Sie sich bitte unter Tel. 02921 767283<br \/> oder per E-Mail: <a href=\"mailto:info@lamaeng-brasserie.de\">info@lamaeng-brasserie.de<\/a><\/p>\n<div role=\"form\" class=\"wpcf7\" id=\"wpcf7-f166-o1\" lang=\"de-DE\" dir=\"ltr\">\n<div class=\"screen-reader-response\"><p role=\"status\" aria-live=\"polite\" aria-atomic=\"true\"><\/p> <ul><\/ul><\/div>\n<form action=\"\/soest\/wp-json\/wp\/v2\/pages\/16#wpcf7-f166-o1\" method=\"post\" class=\"wpcf7-form init\" novalidate=\"novalidate\" data-status=\"init\">\n<div style=\"display: none;\">\n<input type=\"hidden\" name=\"_wpcf7\" value=\"166\" \/>\n<input type=\"hidden\" name=\"_wpcf7_version\" value=\"5.6.3\" \/>\n<input type=\"hidden\" name=\"_wpcf7_locale\" value=\"de_DE\" \/>\n<input type=\"hidden\" name=\"_wpcf7_unit_tag\" value=\"wpcf7-f166-o1\" \/>\n<input type=\"hidden\" name=\"_wpcf7_container_post\" value=\"0\" \/>\n<input type=\"hidden\" name=\"_wpcf7_posted_data_hash\" value=\"\" \/>\n<\/div>\n<p><label>Name, Vorname<\/label><br \/>\n<span class=\"wpcf7-form-control-wrap\" data-name=\"name\"><input type=\"text\" name=\"name\" value=\"\" size=\"40\" class=\"wpcf7-form-control wpcf7-text\" aria-invalid=\"false\" \/><\/span><\/p>\n<p><label>Telefonnummer<\/label><br \/>\n<span class=\"wpcf7-form-control-wrap\" data-name=\"telefon\"><input type=\"text\" name=\"telefon\" value=\"\" size=\"40\" class=\"wpcf7-form-control wpcf7-text\" aria-invalid=\"false\" \/><\/span> <\/p>\n<p><label>E-Mail (Pflichtfeld)<\/label><br \/>\n<span class=\"wpcf7-form-control-wrap\" data-name=\"email\"><input type=\"email\" name=\"email\" value=\"\" size=\"40\" class=\"wpcf7-form-control wpcf7-text wpcf7-email wpcf7-validates-as-required wpcf7-validates-as-email\" aria-required=\"true\" aria-invalid=\"false\" \/><\/span><\/p>\n<p><label>Bereich <span stye=\"font-size:small;\">(Auswahlm\u00f6glichkeit)<\/span><\/label><br \/>\n<input type=\"checkbox\" id=\"bereich1\" name=\"bereich\" value=\"K\u00fcche\" \/><label for=\"bereich1\"><span class=\"checkbox\"><\/span><span class=\"checkboxlabel\">K\u00fcche<\/span><\/label><br \/>\n<input type=\"checkbox\" id=\"bereich2\" name=\"bereich\" value=\"Service\" \/><label for=\"bereich2\"><span class=\"checkbox\"><\/span><span class=\"checkboxlabel\">Service<\/span><\/label><\/p>\n<p><label>Einstellung <span stye=\"font-size:small;\">(Auswahlm\u00f6glichkeit)<\/span><\/label><br \/>\n<input type=\"checkbox\" id=\"einstellung1\" name=\"einstellung\" value=\"Festeinstellung\" \/><label for=\"einstellung1\"><span class=\"checkbox\"><\/span><span class=\"checkboxlabel\">Festeinstellung<\/span><\/label><br \/>\n<input type=\"checkbox\" id=\"einstellung2\" name=\"einstellung\" value=\"450-Euro Basis\" \/><label for=\"einstellung2\"><span class=\"checkbox\"><\/span><span class=\"checkboxlabel\">450-Euro Basis<\/span><\/label><\/p>\n<p><label>Ihre Nachricht an uns<\/label><br \/>\n<span class=\"wpcf7-form-control-wrap\" data-name=\"nachricht\"><textarea name=\"nachricht\" cols=\"40\" rows=\"10\" class=\"wpcf7-form-control wpcf7-textarea\" aria-invalid=\"false\"><\/textarea><\/span><\/p>\n<p><span class=\"wpcf7-form-control-wrap\" data-name=\"checkbox-ds\"><span class=\"wpcf7-form-control wpcf7-checkbox wpcf7-validates-as-required dsp\" id=\"dsp\"><span class=\"wpcf7-list-item first last\"><input type=\"checkbox\" name=\"checkbox-ds[]\" value=\"\" \/><span class=\"wpcf7-list-item-label\"><\/span><\/span><\/span><\/span> Ich willige ein, dass meine Angaben zur Kontaktaufnahme und Zuordnung f\u00fcr eventuelle R\u00fcckfragen dauerhaft gespeichert werden.<\/p>\n<p>Hinweis: Diese Einwilligung k\u00f6nnen Sie jederzeit mit Wirkung f\u00fcr die Zukunft widerrufen, indem Sie eine E-Mail an info@lamaeng-brasserie.de schicken.<\/p>\n<p><input type=\"submit\" value=\"Senden\" class=\"wpcf7-form-control has-spinner wpcf7-submit\" \/><\/p>\n<div class=\"wpcf7-response-output\" aria-hidden=\"true\"><\/div><\/form><\/div>\n<\/p><\/div>\n<\/p><\/div>\n<div class=\"builder-text-column builder-text-column-2\" id=\"builder-section-1481545147695-column-2\">\n<div class=\"builder-text-content\">\n<p>&nbsp;<\/p>\n<p>&nbsp;<\/p>\n<p><img loading=\"lazy\" class=\" wp-image-797 aligncenter\" src=\"https:\/\/www.lamaeng-brasserie.de\/soest\/wp-content\/uploads\/Kastanienbraun-B\u00fcro-Einstellung-Job-Vakanz-Bekanntgabe-2-214x300.png\" alt=\"\" width=\"442\" height=\"619\" srcset=\"https:\/\/www.lamaeng-brasserie.de\/soest\/wp-content\/uploads\/Kastanienbraun-B\u00fcro-Einstellung-Job-Vakanz-Bekanntgabe-2-214x300.png 214w, https:\/\/www.lamaeng-brasserie.de\/soest\/wp-content\/uploads\/Kastanienbraun-B\u00fcro-Einstellung-Job-Vakanz-Bekanntgabe-2-768x1076.png 768w, https:\/\/www.lamaeng-brasserie.de\/soest\/wp-content\/uploads\/Kastanienbraun-B\u00fcro-Einstellung-Job-Vakanz-Bekanntgabe-2-731x1024.png 731w, https:\/\/www.lamaeng-brasserie.de\/soest\/wp-content\/uploads\/Kastanienbraun-B\u00fcro-Einstellung-Job-Vakanz-Bekanntgabe-2.png 1428w\" sizes=\"(max-width: 442px) 100vw, 442px\" \/><\/p>\n<\/p><\/div>\n<\/p><\/div>\n<\/p><\/div>\n<\/p><\/div>\n<\/section>\n","protected":false},"excerpt":{"rendered":"<p>Stellenangebot WIR BRAUCHEN UNTERST\u00dcTZUNG F\u00fcr unseren Standort Herford suchen wir ab sofort K\u00fcchen- und Servicekr\u00e4fte auf 450-Euro-Basis &amp; Auszubildende (m\/w) im Bereich Systemgastronomie. Bei Interesse melden Sie sich bitte unter Tel. 02921 767283 oder per E-Mail: info@lamaeng-brasserie.de &nbsp; &nbsp;<\/p>\n","protected":false},"author":1,"featured_media":0,"parent":0,"menu_order":4,"comment_status":"closed","ping_status":"closed","template":"template-builder.php","meta":{"ngg_post_thumbnail":0},"_links":{"self":[{"href":"https:\/\/www.lamaeng-brasserie.de\/soest\/wp-json\/wp\/v2\/pages\/16"}],"collection":[{"href":"https:\/\/www.lamaeng-brasserie.de\/soest\/wp-json\/wp\/v2\/pages"}],"about":[{"href":"https:\/\/www.lamaeng-brasserie.de\/soest\/wp-json\/wp\/v2\/types\/page"}],"author":[{"embeddable":true,"href":"https:\/\/www.lamaeng-brasserie.de\/soest\/wp-json\/wp\/v2\/users\/1"}],"replies":[{"embeddable":true,"href":"https:\/\/www.lamaeng-brasserie.de\/soest\/wp-json\/wp\/v2\/comments?post=16"}],"version-history":[{"count":15,"href":"https:\/\/www.lamaeng-brasserie.de\/soest\/wp-json\/wp\/v2\/pages\/16\/revisions"}],"predecessor-version":[{"id":799,"href":"https:\/\/www.lamaeng-brasserie.de\/soest\/wp-json\/wp\/v2\/pages\/16\/revisions\/799"}],"wp:attachment":[{"href":"https:\/\/www.lamaeng-brasserie.de\/soest\/wp-json\/wp\/v2\/media?parent=16"}],"curies":[{"name":"wp","href":"https:\/\/api.w.org\/{rel}","templated":true}]}}